{"id":5824,"date":"2026-03-13T22:26:59","date_gmt":"2026-03-13T20:26:59","guid":{"rendered":"https:\/\/xn--srus-rpae.com\/?page_id=5824"},"modified":"2026-03-16T16:45:58","modified_gmt":"2026-03-16T14:45:58","slug":"contact-us-2","status":"publish","type":"page","link":"https:\/\/xn--srus-rpae.com\/ar\/contact-us-2\/","title":{"rendered":"\u062a\u0648\u0627\u0635\u0644 \u0645\u0639\u0646\u0627"},"content":{"rendered":"\t\t<div data-elementor-type=\"wp-page\" data-elementor-id=\"5824\" class=\"elementor elementor-5824\" data-elementor-post-type=\"page\">\n\t\t\t\t<div class=\"elementor-element elementor-element-2909549 e-flex e-con-boxed e-con e-parent\" data-id=\"2909549\" data-element_type=\"container\" data-e-type=\"container\">\n\t\t\t\t\t<div class=\"e-con-inner\">\n\t\t\t\t<div class=\"elementor-element elementor-element-47a14a4 elementor-widget elementor-widget-etheme_slides\" data-id=\"47a14a4\" data-element_type=\"widget\" data-e-type=\"widget\" data-settings=\"{&quot;space_between_mobile&quot;:{&quot;unit&quot;:&quot;px&quot;,&quot;size&quot;:0,&quot;sizes&quot;:[]},&quot;navigation&quot;:&quot;none&quot;,&quot;space_between&quot;:{&quot;unit&quot;:&quot;px&quot;,&quot;size&quot;:&quot;&quot;,&quot;sizes&quot;:[]},&quot;effect&quot;:&quot;slide&quot;,&quot;space_between_tablet&quot;:{&quot;unit&quot;:&quot;px&quot;,&quot;size&quot;:&quot;&quot;,&quot;sizes&quot;:[]}}\" data-widget_type=\"etheme_slides.default\">\n\t\t\t\t<div class=\"elementor-widget-container\">\n\t\t\t\t\t        <div class=\"etheme-elementor-swiper-entry swiper-entry  \">\n            <div class=\"swiper etheme-elementor-slider swiper-container-main\" dir=\"rtl\" data-animation=\"\">\n                <div class=\"swiper-wrapper etheme-elementor-slides\">\n\t\t\t\t\t\t\t\t\t\t<div class=\"elementor-repeater-item-fc2f06c swiper-slide\"><div class=\"swiper-slide-bg\" style=\"background-image: url(https:\/\/xn--srus-rpae.com\/wp-content\/uploads\/2026\/03\/Screenshot-106.png);\"><\/div><div class=\"swiper-slide-inner container\" ><div class=\"swiper-slide-contents\"><\/div><\/div><\/div>\t\t\t\t<\/div>\n                \n                \t\t\t<\/div>\n\t\n\t                 \n\t\t<\/div>\n\t\t\t\t\t\t<\/div>\n\t\t\t\t<\/div>\n\t\t\t\t\t<\/div>\n\t\t\t\t<\/div>\n\t\t<div class=\"elementor-element elementor-element-2fc065af et-section-stretch e-flex e-con-boxed e-con e-parent\" data-id=\"2fc065af\" data-element_type=\"container\" data-e-type=\"container\" data-settings=\"{&quot;background_background&quot;:&quot;classic&quot;}\">\n\t\t\t\t\t<div class=\"e-con-inner\">\n\t\t\t\t<div class=\"elementor-element elementor-element-64493526 elementor-align-center elementor-widget elementor-widget-etheme_advanced_headline\" data-id=\"64493526\" data-element_type=\"widget\" data-e-type=\"widget\" data-widget_type=\"etheme_advanced_headline.default\">\n\t\t\t\t<div class=\"elementor-widget-container\">\n\t\t\t\t\t        \n        <div class=\"etheme-a-h-wrapper\">\n        \n                            <span class=\"etheme-a-h-text-before\">\n                    Get In Touch                <\/span>\n            \n\t\t\t\n        <h2 class=\"etheme-advanced-headline etheme-advanced-headline-mask\">\n\n            Get in Touch with SIRIUS Lighting\n        <\/h2>\n\t\t\n                            <p class=\"etheme-a-h-text-after\">\n                    Choose the best way to contact our team                <\/p>\n                    \n        <\/div>\n        \n\t\t\t\t\t\t<\/div>\n\t\t\t\t<\/div>\n\t\t<div class=\"elementor-element elementor-element-7a36ef56 e-con-full e-flex e-con e-child\" data-id=\"7a36ef56\" data-element_type=\"container\" data-e-type=\"container\">\n\t\t\t\t<div class=\"elementor-element elementor-element-2a77a5d0 elementor-align-left elementor-widget-tablet__width-initial elementor-widget elementor-widget-etheme_icon_box\" data-id=\"2a77a5d0\" data-element_type=\"widget\" data-e-type=\"widget\" data-settings=\"{&quot;icon_type&quot;:&quot;icon&quot;}\" data-widget_type=\"etheme_icon_box.default\">\n\t\t\t\t<div class=\"elementor-widget-container\">\n\t\t\t\t\t\t\t\t<div class=\"etheme-icon-box etheme-icon-box-icon-position-top\">\n        \n                            \n                <div class=\"etheme-icon-box-icon etheme-icon-box-icon-type-icon\">\n        \n                <svg xmlns=\"http:\/\/www.w3.org\/2000\/svg\" width=\"56\" height=\"56\" viewBox=\"0 0 56 56\" fill=\"none\"><path d=\"M0 16C0 7.16344 7.16344 0 16 0H40C48.8366 0 56 7.16344 56 16V40C56 48.8366 48.8366 56 40 56H16C7.16344 56 0 48.8366 0 40V16Z\" fill=\"url(#paint0_linear_168_1098)\"><\/path><path d=\"M30.1375 33.3294C30.3784 33.44 30.6499 33.4653 30.9071 33.4011C31.1644 33.3368 31.3921 33.1868 31.5527 32.9759L31.9668 32.4334C32.1842 32.1436 32.466 31.9084 32.79 31.7464C33.114 31.5844 33.4713 31.5 33.8335 31.5H37.3335C37.9523 31.5 38.5458 31.7459 38.9834 32.1835C39.421 32.621 39.6668 33.2145 39.6668 33.8334V37.3334C39.6668 37.9522 39.421 38.5457 38.9834 38.9833C38.5458 39.4209 37.9523 39.6667 37.3335 39.6667C31.764 39.6667 26.4225 37.4542 22.4843 33.516C18.546 29.5777 16.3335 24.2363 16.3335 18.6667C16.3335 18.0479 16.5793 17.4544 17.0169 17.0168C17.4545 16.5792 18.048 16.3334 18.6668 16.3334H22.1668C22.7857 16.3334 23.3792 16.5792 23.8167 17.0168C24.2543 17.4544 24.5002 18.0479 24.5002 18.6667V22.1667C24.5002 22.5289 24.4158 22.8862 24.2538 23.2102C24.0918 23.5342 23.8566 23.816 23.5668 24.0334L23.0208 24.4429C22.8066 24.6064 22.6557 24.8391 22.5936 25.1013C22.5315 25.3635 22.5621 25.6391 22.6802 25.8814C24.2746 29.1199 26.897 31.739 30.1375 33.3294Z\" stroke=\"white\" stroke-width=\"2.33333\" stroke-linecap=\"round\" stroke-linejoin=\"round\"><\/path><defs><linearGradient id=\"paint0_linear_168_1098\" x1=\"0\" y1=\"0\" x2=\"56\" y2=\"56\" gradientUnits=\"userSpaceOnUse\"><stop stop-color=\"#2B7FFF\"><\/stop><stop offset=\"1\" stop-color=\"#155DFC\"><\/stop><\/linearGradient><\/defs><\/svg>        \n                <\/div>\n            \n                <div class=\"etheme-icon-box-content\">\n\t\t\n                                            <h5 class=\"etheme-icon-box-subtitle\">\n                        <span>Phone \/ WhatsApp<\/span>\n                        <\/h5>\n                                        \n                                            <h3 class=\"etheme-icon-box-title\">\n                            <span>+201031695626<\/span>\n                        <\/h3>\n                    \t\t\n                                            <p class=\"etheme-icon-box-description\">\n                            Available Daily                        <\/p>\n                    \n                            <a href=\"https:\/\/wa.me\/message\/IZHSFKZYSBPCE1\" class=\"elementor-button-link elementor-button\" role=\"button\">\n                \n                            <span class=\"elementor-button-icon\">\n                <i aria-hidden=\"true\" class=\"et-icon et-whatsapp\"><\/i>            <\/span>\n\t\t    \n                <span class=\"button-text\">WhatsApp<\/span>\n                \n                    \n            <\/a>\n                    \n                <\/div>\n\t\t\t<\/div>\n\t\t\t\t\t\t<\/div>\n\t\t\t\t<\/div>\n\t\t\t\t<div class=\"elementor-element elementor-element-5c001e5 elementor-align-left elementor-widget-tablet__width-initial elementor-widget elementor-widget-etheme_icon_box\" data-id=\"5c001e5\" data-element_type=\"widget\" data-e-type=\"widget\" data-settings=\"{&quot;icon_type&quot;:&quot;icon&quot;}\" data-widget_type=\"etheme_icon_box.default\">\n\t\t\t\t<div class=\"elementor-widget-container\">\n\t\t\t\t\t\t\t\t<div class=\"etheme-icon-box etheme-icon-box-icon-position-top\">\n        \n                            \n                <div class=\"etheme-icon-box-icon etheme-icon-box-icon-type-icon\">\n        \n                <svg xmlns=\"http:\/\/www.w3.org\/2000\/svg\" width=\"56\" height=\"56\" viewBox=\"0 0 56 56\" fill=\"none\"><path d=\"M0 16C0 7.16344 7.16344 0 16 0H40C48.8366 0 56 7.16344 56 16V40C56 48.8366 48.8366 56 40 56H16C7.16344 56 0 48.8366 0 40V16Z\" fill=\"url(#paint0_linear_168_1107)\"><\/path><path d=\"M39.6668 22.1666L29.1773 28.8481C28.8214 29.0549 28.4171 29.1638 28.0054 29.1638C27.5938 29.1638 27.1895 29.0549 26.8335 28.8481L16.3335 22.1666\" stroke=\"white\" stroke-width=\"2.33333\" stroke-linecap=\"round\" stroke-linejoin=\"round\"><\/path><path d=\"M37.3335 18.6666H18.6668C17.3782 18.6666 16.3335 19.7113 16.3335 21V35C16.3335 36.2886 17.3782 37.3333 18.6668 37.3333H37.3335C38.6222 37.3333 39.6668 36.2886 39.6668 35V21C39.6668 19.7113 38.6222 18.6666 37.3335 18.6666Z\" stroke=\"white\" stroke-width=\"2.33333\" stroke-linecap=\"round\" stroke-linejoin=\"round\"><\/path><defs><linearGradient id=\"paint0_linear_168_1107\" x1=\"0\" y1=\"0\" x2=\"56\" y2=\"56\" gradientUnits=\"userSpaceOnUse\"><stop stop-color=\"#2B7FFF\"><\/stop><stop offset=\"1\" stop-color=\"#155DFC\"><\/stop><\/linearGradient><\/defs><\/svg>        \n                <\/div>\n            \n                <div class=\"etheme-icon-box-content\">\n\t\t\n                                            <h5 class=\"etheme-icon-box-subtitle\">\n                        <span>Email<\/span>\n                        <\/h5>\n                                        \n                                            <h3 class=\"etheme-icon-box-title\">\n                            <span>Support@s\u00edr\u00ecus.com <br>Customer_Service@s\u00edr\u00ecus.com<\/span>\n                        <\/h3>\n                    \t\t\n                                            <p class=\"etheme-icon-box-description\">\n                            We respond within 24 hours                        <\/p>\n                    \n                            \n                <\/div>\n\t\t\t<\/div>\n\t\t\t\t\t\t<\/div>\n\t\t\t\t<\/div>\n\t\t\t\t<div class=\"elementor-element elementor-element-7911e478 elementor-align-left elementor-widget-tablet__width-initial elementor-widget elementor-widget-etheme_icon_box\" data-id=\"7911e478\" data-element_type=\"widget\" data-e-type=\"widget\" data-settings=\"{&quot;icon_type&quot;:&quot;icon&quot;}\" data-widget_type=\"etheme_icon_box.default\">\n\t\t\t\t<div class=\"elementor-widget-container\">\n\t\t\t\t\t\t\t\t<div class=\"etheme-icon-box etheme-icon-box-icon-position-top\">\n        \n                            \n                <div class=\"etheme-icon-box-icon etheme-icon-box-icon-type-icon\">\n        \n                <svg xmlns=\"http:\/\/www.w3.org\/2000\/svg\" width=\"56\" height=\"56\" viewBox=\"0 0 56 56\" fill=\"none\"><path d=\"M0 16C0 7.16344 7.16344 0 16 0H40C48.8366 0 56 7.16344 56 16V40C56 48.8366 48.8366 56 40 56H16C7.16344 56 0 48.8366 0 40V16Z\" fill=\"url(#paint0_linear_168_1117)\"><\/path><path d=\"M37.3337 25.6667C37.3337 31.4919 30.8715 37.5585 28.7015 39.4322C28.4993 39.5842 28.2533 39.6664 28.0003 39.6664C27.7474 39.6664 27.5013 39.5842 27.2992 39.4322C25.1292 37.5585 18.667 31.4919 18.667 25.6667C18.667 23.1914 19.6503 20.8174 21.4007 19.067C23.151 17.3167 25.525 16.3334 28.0003 16.3334C30.4757 16.3334 32.8496 17.3167 34.6 19.067C36.3503 20.8174 37.3337 23.1914 37.3337 25.6667Z\" stroke=\"white\" stroke-width=\"2.33333\" stroke-linecap=\"round\" stroke-linejoin=\"round\"><\/path><path d=\"M28 29.1666C29.933 29.1666 31.5 27.5996 31.5 25.6666C31.5 23.7336 29.933 22.1666 28 22.1666C26.067 22.1666 24.5 23.7336 24.5 25.6666C24.5 27.5996 26.067 29.1666 28 29.1666Z\" stroke=\"white\" stroke-width=\"2.33333\" stroke-linecap=\"round\" stroke-linejoin=\"round\"><\/path><defs><linearGradient id=\"paint0_linear_168_1117\" x1=\"0\" y1=\"0\" x2=\"56\" y2=\"56\" gradientUnits=\"userSpaceOnUse\"><stop stop-color=\"#2B7FFF\"><\/stop><stop offset=\"1\" stop-color=\"#155DFC\"><\/stop><\/linearGradient><\/defs><\/svg>        \n                <\/div>\n            \n                <div class=\"etheme-icon-box-content\">\n\t\t\n                                            <h5 class=\"etheme-icon-box-subtitle\">\n                        <span>Egypt<\/span>\n                        <\/h5>\n                                        \n                                            <h3 class=\"etheme-icon-box-title\">\n                            <span>Our Location<\/span>\n                        <\/h3>\n                    \t\t\n                                            <p class=\"etheme-icon-box-description\">\n                            Online Lighting Store                        <\/p>\n                    \n                            \n                <\/div>\n\t\t\t<\/div>\n\t\t\t\t\t\t<\/div>\n\t\t\t\t<\/div>\n\t\t\t\t<div class=\"elementor-element elementor-element-35eefea7 elementor-align-left elementor-widget-tablet__width-initial elementor-widget elementor-widget-etheme_icon_box\" data-id=\"35eefea7\" data-element_type=\"widget\" data-e-type=\"widget\" data-settings=\"{&quot;icon_type&quot;:&quot;icon&quot;}\" data-widget_type=\"etheme_icon_box.default\">\n\t\t\t\t<div class=\"elementor-widget-container\">\n\t\t\t\t\t\t\t\t<div class=\"etheme-icon-box etheme-icon-box-icon-position-top\">\n        \n                            \n                <div class=\"etheme-icon-box-icon etheme-icon-box-icon-type-icon\">\n        \n                <svg xmlns=\"http:\/\/www.w3.org\/2000\/svg\" width=\"56\" height=\"56\" viewBox=\"0 0 56 56\" fill=\"none\"><path d=\"M0 16C0 7.16344 7.16344 0 16 0H40C48.8366 0 56 7.16344 56 16V40C56 48.8366 48.8366 56 40 56H16C7.16344 56 0 48.8366 0 40V16Z\" fill=\"url(#paint0_linear_168_1127)\"><\/path><path d=\"M28 21V28L32.6667 30.3333\" stroke=\"white\" stroke-width=\"2.33333\" stroke-linecap=\"round\" stroke-linejoin=\"round\"><\/path><path d=\"M27.9997 39.6667C34.443 39.6667 39.6663 34.4434 39.6663 28C39.6663 21.5567 34.443 16.3334 27.9997 16.3334C21.5564 16.3334 16.333 21.5567 16.333 28C16.333 34.4434 21.5564 39.6667 27.9997 39.6667Z\" stroke=\"white\" stroke-width=\"2.33333\" stroke-linecap=\"round\" stroke-linejoin=\"round\"><\/path><defs><linearGradient id=\"paint0_linear_168_1127\" x1=\"0\" y1=\"0\" x2=\"56\" y2=\"56\" gradientUnits=\"userSpaceOnUse\"><stop stop-color=\"#2B7FFF\"><\/stop><stop offset=\"1\" stop-color=\"#155DFC\"><\/stop><\/linearGradient><\/defs><\/svg>        \n                <\/div>\n            \n                <div class=\"etheme-icon-box-content\">\n\t\t\n                                            <h5 class=\"etheme-icon-box-subtitle\">\n                        <span>Business Hours<\/span>\n                        <\/h5>\n                                        \n                                            <h3 class=\"etheme-icon-box-title\">\n                            <span>Saturday \u2013 Thursday: 10 AM \u2013 10 PM<\/span>\n                        <\/h3>\n                    \t\t\n                                            <p class=\"etheme-icon-box-description\">\n                            Friday: Closed                        <\/p>\n                    \n                            \n                <\/div>\n\t\t\t<\/div>\n\t\t\t\t\t\t<\/div>\n\t\t\t\t<\/div>\n\t\t\t\t<\/div>\n\t\t\t\t\t<\/div>\n\t\t\t\t<\/div>\n\t\t<div class=\"elementor-element elementor-element-8383dc2 e-flex e-con-boxed e-con e-parent\" data-id=\"8383dc2\" data-element_type=\"container\" data-e-type=\"container\">\n\t\t\t\t\t<div class=\"e-con-inner\">\n\t\t\t\t<div class=\"elementor-element elementor-element-5618e35 elementor-widget elementor-widget-etheme-google-map\" data-id=\"5618e35\" data-element_type=\"widget\" data-e-type=\"widget\" data-widget_type=\"etheme-google-map.default\">\n\t\t\t\t<div class=\"elementor-widget-container\">\n\t\t\t\t\t\t\t<div id=\"etheme-map-5618e35\" class=\"etheme-map\" data-etheme-gesture=\"auto\"  data-etheme-map-zoom-control=\"true\" data-etheme-map-zoom-control-position=\"RIGHT_BOTTOM\"  data-etheme-defaultui=\"false\" data-etheme-map-style=\"\" data-etheme-map-type=\"roadmap\"  data-etheme-map-type-control=\"true\" data-etheme-map-type-control-style=\"DEFAULT\" data-etheme-map-type-control-position=\"TOP_LEFT\"  data-etheme-map-streetview-control=\"false\" data-etheme-map-lat=\"30.0444\" data-etheme-map-lng=\"31.2357\" data-etheme-map-zoom=\"12\" data-etheme-map-infowindow-width=\"250\" data-etheme-locations='[{\"lat\":\"1.2833754\",\"lng\":\"103.86072639999998\",\"title\":\"Pin #1\",\"content\":\"Lorem ipsum dolor sit amet, consectetur adipiscing elit. Ut elit tellus, luctus nec ullamcorper mattis, pulvinar dapibus leo.\",\"pin_icon\":\"\"}]'><\/div>\n\n\t\t\t\t\t<\/div>\n\t\t\t\t<\/div>\n\t\t\t\t\t<\/div>\n\t\t\t\t<\/div>\n\t\t<div class=\"elementor-element elementor-element-52135c2 e-flex e-con-boxed e-con e-parent\" data-id=\"52135c2\" data-element_type=\"container\" data-e-type=\"container\">\n\t\t\t\t\t<div class=\"e-con-inner\">\n\t\t\t\t<div class=\"elementor-element elementor-element-fc5b43c elementor-widget elementor-widget-heading\" data-id=\"fc5b43c\" data-element_type=\"widget\" data-e-type=\"widget\" data-widget_type=\"heading.default\">\n\t\t\t\t\t<h2 class=\"elementor-heading-title elementor-size-default\">Why Customers Trust Sirius<\/h2>\t\t\t\t<\/div>\n\t\t\t\t\t<\/div>\n\t\t\t\t<\/div>\n\t\t<div class=\"elementor-element elementor-element-8984f63 e-grid e-con-boxed e-con e-parent\" data-id=\"8984f63\" data-element_type=\"container\" data-e-type=\"container\">\n\t\t\t\t\t<div class=\"e-con-inner\">\n\t\t\t\t<div class=\"elementor-element elementor-element-afec134 elementor-view-default elementor-position-block-start elementor-mobile-position-block-start elementor-widget elementor-widget-icon-box\" data-id=\"afec134\" data-element_type=\"widget\" data-e-type=\"widget\" data-widget_type=\"icon-box.default\">\n\t\t\t\t\t\t\t<div class=\"elementor-icon-box-wrapper\">\n\n\t\t\t\t\t\t<div class=\"elementor-icon-box-icon\">\n\t\t\t\t<span  class=\"elementor-icon\">\n\t\t\t\t<svg aria-hidden=\"true\" class=\"e-font-icon-svg e-fas-car-side\" viewBox=\"0 0 640 512\" xmlns=\"http:\/\/www.w3.org\/2000\/svg\"><path d=\"M544 192h-16L419.22 56.02A64.025 64.025 0 0 0 369.24 32H155.33c-26.17 0-49.7 15.93-59.42 40.23L48 194.26C20.44 201.4 0 226.21 0 256v112c0 8.84 7.16 16 16 16h48c0 53.02 42.98 96 96 96s96-42.98 96-96h128c0 53.02 42.98 96 96 96s96-42.98 96-96h48c8.84 0 16-7.16 16-16v-80c0-53.02-42.98-96-96-96zM160 432c-26.47 0-48-21.53-48-48s21.53-48 48-48 48 21.53 48 48-21.53 48-48 48zm72-240H116.93l38.4-96H232v96zm48 0V96h89.24l76.8 96H280zm200 240c-26.47 0-48-21.53-48-48s21.53-48 48-48 48 21.53 48 48-21.53 48-48 48z\"><\/path><\/svg>\t\t\t\t<\/span>\n\t\t\t<\/div>\n\t\t\t\n\t\t\t\t\t\t<div class=\"elementor-icon-box-content\">\n\n\t\t\t\t\t\t\t\t\t<h3 class=\"elementor-icon-box-title\">\n\t\t\t\t\t\t<span  >\n\t\t\t\t\t\t\tFast Delivery\t\t\t\t\t\t<\/span>\n\t\t\t\t\t<\/h3>\n\t\t\t\t\n\t\t\t\t\t\t\t\t\t<p class=\"elementor-icon-box-description\">\n\t\t\t\t\t\tDeliver available across Egypt\t\t\t\t\t<\/p>\n\t\t\t\t\n\t\t\t<\/div>\n\t\t\t\n\t\t<\/div>\n\t\t\t\t\t\t<\/div>\n\t\t\t\t<div class=\"elementor-element elementor-element-e5ff218 elementor-view-default elementor-position-block-start elementor-mobile-position-block-start elementor-widget elementor-widget-icon-box\" data-id=\"e5ff218\" data-element_type=\"widget\" data-e-type=\"widget\" data-widget_type=\"icon-box.default\">\n\t\t\t\t\t\t\t<div class=\"elementor-icon-box-wrapper\">\n\n\t\t\t\t\t\t<div class=\"elementor-icon-box-icon\">\n\t\t\t\t<span  class=\"elementor-icon\">\n\t\t\t\t<svg aria-hidden=\"true\" class=\"e-font-icon-svg e-fas-credit-card\" viewBox=\"0 0 576 512\" xmlns=\"http:\/\/www.w3.org\/2000\/svg\"><path d=\"M0 432c0 26.5 21.5 48 48 48h480c26.5 0 48-21.5 48-48V256H0v176zm192-68c0-6.6 5.4-12 12-12h136c6.6 0 12 5.4 12 12v40c0 6.6-5.4 12-12 12H204c-6.6 0-12-5.4-12-12v-40zm-128 0c0-6.6 5.4-12 12-12h72c6.6 0 12 5.4 12 12v40c0 6.6-5.4 12-12 12H76c-6.6 0-12-5.4-12-12v-40zM576 80v48H0V80c0-26.5 21.5-48 48-48h480c26.5 0 48 21.5 48 48z\"><\/path><\/svg>\t\t\t\t<\/span>\n\t\t\t<\/div>\n\t\t\t\n\t\t\t\t\t\t<div class=\"elementor-icon-box-content\">\n\n\t\t\t\t\t\t\t\t\t<h3 class=\"elementor-icon-box-title\">\n\t\t\t\t\t\t<span  >\n\t\t\t\t\t\t\tSecure Payment\t\t\t\t\t\t<\/span>\n\t\t\t\t\t<\/h3>\n\t\t\t\t\n\t\t\t\t\t\t\t\t\t<p class=\"elementor-icon-box-description\">\n\t\t\t\t\t\tSafe and secure payment methods\t\t\t\t\t<\/p>\n\t\t\t\t\n\t\t\t<\/div>\n\t\t\t\n\t\t<\/div>\n\t\t\t\t\t\t<\/div>\n\t\t\t\t<div class=\"elementor-element elementor-element-c6a6f8d elementor-view-default elementor-position-block-start elementor-mobile-position-block-start elementor-widget elementor-widget-icon-box\" data-id=\"c6a6f8d\" data-element_type=\"widget\" data-e-type=\"widget\" data-widget_type=\"icon-box.default\">\n\t\t\t\t\t\t\t<div class=\"elementor-icon-box-wrapper\">\n\n\t\t\t\t\t\t<div class=\"elementor-icon-box-icon\">\n\t\t\t\t<span  class=\"elementor-icon\">\n\t\t\t\t<i aria-hidden=\"true\" class=\"et-icon et-phone-call\"><\/i>\t\t\t\t<\/span>\n\t\t\t<\/div>\n\t\t\t\n\t\t\t\t\t\t<div class=\"elementor-icon-box-content\">\n\n\t\t\t\t\t\t\t\t\t<h3 class=\"elementor-icon-box-title\">\n\t\t\t\t\t\t<span  >\n\t\t\t\t\t\t\tCustomer Support\t\t\t\t\t\t<\/span>\n\t\t\t\t\t<\/h3>\n\t\t\t\t\n\t\t\t\t\t\t\t\t\t<p class=\"elementor-icon-box-description\">\n\t\t\t\t\t\tSupport available anytime \t\t\t\t\t<\/p>\n\t\t\t\t\n\t\t\t<\/div>\n\t\t\t\n\t\t<\/div>\n\t\t\t\t\t\t<\/div>\n\t\t\t\t<div class=\"elementor-element elementor-element-575e8d2 elementor-view-default elementor-position-block-start elementor-mobile-position-block-start elementor-widget elementor-widget-icon-box\" data-id=\"575e8d2\" data-element_type=\"widget\" data-e-type=\"widget\" data-widget_type=\"icon-box.default\">\n\t\t\t\t\t\t\t<div class=\"elementor-icon-box-wrapper\">\n\n\t\t\t\t\t\t<div class=\"elementor-icon-box-icon\">\n\t\t\t\t<span  class=\"elementor-icon\">\n\t\t\t\t<svg aria-hidden=\"true\" class=\"e-font-icon-svg e-fas-truck\" viewBox=\"0 0 640 512\" xmlns=\"http:\/\/www.w3.org\/2000\/svg\"><path d=\"M624 352h-16V243.9c0-12.7-5.1-24.9-14.1-33.9L494 110.1c-9-9-21.2-14.1-33.9-14.1H416V48c0-26.5-21.5-48-48-48H48C21.5 0 0 21.5 0 48v320c0 26.5 21.5 48 48 48h16c0 53 43 96 96 96s96-43 96-96h128c0 53 43 96 96 96s96-43 96-96h48c8.8 0 16-7.2 16-16v-32c0-8.8-7.2-16-16-16zM160 464c-26.5 0-48-21.5-48-48s21.5-48 48-48 48 21.5 48 48-21.5 48-48 48zm320 0c-26.5 0-48-21.5-48-48s21.5-48 48-48 48 21.5 48 48-21.5 48-48 48zm80-208H416V144h44.1l99.9 99.9V256z\"><\/path><\/svg>\t\t\t\t<\/span>\n\t\t\t<\/div>\n\t\t\t\n\t\t\t\t\t\t<div class=\"elementor-icon-box-content\">\n\n\t\t\t\t\t\t\t\t\t<h3 class=\"elementor-icon-box-title\">\n\t\t\t\t\t\t<span  >\n\t\t\t\t\t\t\tEasy Returns\t\t\t\t\t\t<\/span>\n\t\t\t\t\t<\/h3>\n\t\t\t\t\n\t\t\t\t\t\t\t\t\t<p class=\"elementor-icon-box-description\">\n\t\t\t\t\t\t14-day return or replacement\t\t\t\t\t<\/p>\n\t\t\t\t\n\t\t\t<\/div>\n\t\t\t\n\t\t<\/div>\n\t\t\t\t\t\t<\/div>\n\t\t\t\t<div class=\"elementor-element elementor-element-4478157 elementor-view-default elementor-position-block-start elementor-mobile-position-block-start elementor-widget elementor-widget-icon-box\" data-id=\"4478157\" data-element_type=\"widget\" data-e-type=\"widget\" data-widget_type=\"icon-box.default\">\n\t\t\t\t\t\t\t<div class=\"elementor-icon-box-wrapper\">\n\n\t\t\t\t\t\t<div class=\"elementor-icon-box-icon\">\n\t\t\t\t<span  class=\"elementor-icon\">\n\t\t\t\t<svg aria-hidden=\"true\" class=\"e-font-icon-svg e-fas-tools\" viewBox=\"0 0 512 512\" xmlns=\"http:\/\/www.w3.org\/2000\/svg\"><path d=\"M501.1 395.7L384 278.6c-23.1-23.1-57.6-27.6-85.4-13.9L192 158.1V96L64 0 0 64l96 128h62.1l106.6 106.6c-13.6 27.8-9.2 62.3 13.9 85.4l117.1 117.1c14.6 14.6 38.2 14.6 52.7 0l52.7-52.7c14.5-14.6 14.5-38.2 0-52.7zM331.7 225c28.3 0 54.9 11 74.9 31l19.4 19.4c15.8-6.9 30.8-16.5 43.8-29.5 37.1-37.1 49.7-89.3 37.9-136.7-2.2-9-13.5-12.1-20.1-5.5l-74.4 74.4-67.9-11.3L334 98.9l74.4-74.4c6.6-6.6 3.4-17.9-5.7-20.2-47.4-11.7-99.6.9-136.6 37.9-28.5 28.5-41.9 66.1-41.2 103.6l82.1 82.1c8.1-1.9 16.5-2.9 24.7-2.9zm-103.9 82l-56.7-56.7L18.7 402.8c-25 25-25 65.5 0 90.5s65.5 25 90.5 0l123.6-123.6c-7.6-19.9-9.9-41.6-5-62.7zM64 472c-13.2 0-24-10.8-24-24 0-13.3 10.7-24 24-24s24 10.7 24 24c0 13.2-10.7 24-24 24z\"><\/path><\/svg>\t\t\t\t<\/span>\n\t\t\t<\/div>\n\t\t\t\n\t\t\t\t\t\t<div class=\"elementor-icon-box-content\">\n\n\t\t\t\t\t\t\t\t\t<h3 class=\"elementor-icon-box-title\">\n\t\t\t\t\t\t<span  >\n\t\t\t\t\t\t\t1 Year Warranty\t\t\t\t\t\t<\/span>\n\t\t\t\t\t<\/h3>\n\t\t\t\t\n\t\t\t\t\t\t\t\t\t<p class=\"elementor-icon-box-description\">\n\t\t\t\t\t\tWarranty against manufacturing defects\t\t\t\t\t<\/p>\n\t\t\t\t\n\t\t\t<\/div>\n\t\t\t\n\t\t<\/div>\n\t\t\t\t\t\t<\/div>\n\t\t\t\t<div class=\"elementor-element elementor-element-9fc624a elementor-view-default elementor-position-block-start elementor-mobile-position-block-start elementor-widget elementor-widget-icon-box\" data-id=\"9fc624a\" data-element_type=\"widget\" data-e-type=\"widget\" data-widget_type=\"icon-box.default\">\n\t\t\t\t\t\t\t<div class=\"elementor-icon-box-wrapper\">\n\n\t\t\t\t\t\t<div class=\"elementor-icon-box-icon\">\n\t\t\t\t<span  class=\"elementor-icon\">\n\t\t\t\t<svg aria-hidden=\"true\" class=\"e-font-icon-svg e-fas-shield-alt\" viewBox=\"0 0 512 512\" xmlns=\"http:\/\/www.w3.org\/2000\/svg\"><path d=\"M466.5 83.7l-192-80a48.15 48.15 0 0 0-36.9 0l-192 80C27.7 91.1 16 108.6 16 128c0 198.5 114.5 335.7 221.5 380.3 11.8 4.9 25.1 4.9 36.9 0C360.1 472.6 496 349.3 496 128c0-19.4-11.7-36.9-29.5-44.3zM256.1 446.3l-.1-381 175.9 73.3c-3.3 151.4-82.1 261.1-175.8 307.7z\"><\/path><\/svg>\t\t\t\t<\/span>\n\t\t\t<\/div>\n\t\t\t\n\t\t\t\t\t\t<div class=\"elementor-icon-box-content\">\n\n\t\t\t\t\t\t\t\t\t<h3 class=\"elementor-icon-box-title\">\n\t\t\t\t\t\t<span  >\n\t\t\t\t\t\t\tTop Quality Products\t\t\t\t\t\t<\/span>\n\t\t\t\t\t<\/h3>\n\t\t\t\t\n\t\t\t\t\t\t\t\t\t<p class=\"elementor-icon-box-description\">\n\t\t\t\t\t\tLuxury lighting designed to last\t\t\t\t\t<\/p>\n\t\t\t\t\n\t\t\t<\/div>\n\t\t\t\n\t\t<\/div>\n\t\t\t\t\t\t<\/div>\n\t\t\t\t\t<\/div>\n\t\t\t\t<\/div>\n\t\t\t\t<\/div>\n\t\t","protected":false},"excerpt":{"rendered":"<p>Get In Touch Get in Touch with SIRIUS Lighting Choose the best way to contact our team Phone \/ WhatsApp +201031695626 Available Daily WhatsApp Email&#8230;<\/p>","protected":false},"author":1,"featured_media":0,"parent":0,"menu_order":0,"comment_status":"closed","ping_status":"closed","template":"","meta":{"footnotes":""},"class_list":["post-5824","page","type-page","status-publish","hentry"],"jetpack_sharing_enabled":true,"_links":{"self":[{"href":"https:\/\/xn--srus-rpae.com\/ar\/wp-json\/wp\/v2\/pages\/5824","targetHints":{"allow":["GET"]}}],"collection":[{"href":"https:\/\/xn--srus-rpae.com\/ar\/wp-json\/wp\/v2\/pages"}],"about":[{"href":"https:\/\/xn--srus-rpae.com\/ar\/wp-json\/wp\/v2\/types\/page"}],"author":[{"embeddable":true,"href":"https:\/\/xn--srus-rpae.com\/ar\/wp-json\/wp\/v2\/users\/1"}],"replies":[{"embeddable":true,"href":"https:\/\/xn--srus-rpae.com\/ar\/wp-json\/wp\/v2\/comments?post=5824"}],"version-history":[{"count":94,"href":"https:\/\/xn--srus-rpae.com\/ar\/wp-json\/wp\/v2\/pages\/5824\/revisions"}],"predecessor-version":[{"id":6608,"href":"https:\/\/xn--srus-rpae.com\/ar\/wp-json\/wp\/v2\/pages\/5824\/revisions\/6608"}],"wp:attachment":[{"href":"https:\/\/xn--srus-rpae.com\/ar\/wp-json\/wp\/v2\/media?parent=5824"}],"curies":[{"name":"wp","href":"https:\/\/api.w.org\/{rel}","templated":true}]}}